{"id":6216,"date":"2023-07-11T11:06:53","date_gmt":"2023-07-11T15:06:53","guid":{"rendered":"https:\/\/haystack-solutions.com\/portefeuille\/camboticket\/"},"modified":"2023-07-11T11:06:53","modified_gmt":"2023-07-11T15:06:53","slug":"camboticket","status":"publish","type":"page","link":"https:\/\/haystack-solutions.com\/fr\/portefeuille\/camboticket\/","title":{"rendered":"CamboTicket"},"content":{"rendered":"\t\t<div data-elementor-type=\"wp-page\" data-elementor-id=\"6216\" class=\"elementor elementor-6216 elementor-6133\" data-elementor-post-type=\"page\">\n\t\t\t\t\t\t<section class=\"elementor-section elementor-top-section elementor-element elementor-element-9e1d778 elementor-section-full_width elementor-section-stretched elementor-section-height-default elementor-section-height-default\" data-id=\"9e1d778\" data-element_type=\"section\" data-e-type=\"section\" data-settings=\"{&quot;stretch_section&quot;:&quot;section-stretched&quot;}\">\n\t\t\t\t\t\t<div class=\"elementor-container elementor-column-gap-default\">\n\t\t\t\t\t<div class=\"elementor-column elementor-col-100 elementor-top-column elementor-element elementor-element-d2fb76a\" data-id=\"d2fb76a\" data-element_type=\"column\" data-e-type=\"column\">\n\t\t\t<div class=\"elementor-widget-wrap elementor-element-populated\">\n\t\t\t\t\t\t<div class=\"elementor-element elementor-element-fc17e34 elementor-widget elementor-widget-image\" data-id=\"fc17e34\" data-element_type=\"widget\" data-e-type=\"widget\" data-widget_type=\"image.default\">\n\t\t\t\t<div class=\"elementor-widget-container\">\n\t\t\t\t\t\t\t\t\t\t\t\t\t\t\t<img fetchpriority=\"high\" decoding=\"async\" width=\"1920\" height=\"748\" src=\"https:\/\/haystack-solutions.com\/wp-content\/uploads\/2023\/06\/CamboTicketCollages.jpg\" class=\"attachment-full size-full wp-image-6135\" alt=\"\" srcset=\"https:\/\/haystack-solutions.com\/wp-content\/uploads\/2023\/06\/CamboTicketCollages.jpg 1920w, https:\/\/haystack-solutions.com\/wp-content\/uploads\/2023\/06\/CamboTicketCollages-300x117.jpg 300w, https:\/\/haystack-solutions.com\/wp-content\/uploads\/2023\/06\/CamboTicketCollages-1024x399.jpg 1024w, https:\/\/haystack-solutions.com\/wp-content\/uploads\/2023\/06\/CamboTicketCollages-768x299.jpg 768w, https:\/\/haystack-solutions.com\/wp-content\/uploads\/2023\/06\/CamboTicketCollages-1536x598.jpg 1536w\" sizes=\"(max-width: 1920px) 100vw, 1920px\" \/>\t\t\t\t\t\t\t\t\t\t\t\t\t\t\t<\/div>\n\t\t\t\t<\/div>\n\t\t\t\t<div class=\"elementor-element elementor-element-cc4bab6 elementor-widget__width-initial elementor-absolute e-transform elementor-widget elementor-widget-image\" data-id=\"cc4bab6\" data-element_type=\"widget\" data-e-type=\"widget\" data-settings=\"{&quot;_position&quot;:&quot;absolute&quot;,&quot;_transform_translateX_effect&quot;:{&quot;unit&quot;:&quot;%&quot;,&quot;size&quot;:-50,&quot;sizes&quot;:[]},&quot;_transform_translateX_effect_tablet&quot;:{&quot;unit&quot;:&quot;%&quot;,&quot;size&quot;:&quot;&quot;,&quot;sizes&quot;:[]},&quot;_transform_translateX_effect_mobile&quot;:{&quot;unit&quot;:&quot;%&quot;,&quot;size&quot;:&quot;&quot;,&quot;sizes&quot;:[]},&quot;_transform_translateY_effect&quot;:{&quot;unit&quot;:&quot;%&quot;,&quot;size&quot;:-50,&quot;sizes&quot;:[]},&quot;_transform_translateY_effect_tablet&quot;:{&quot;unit&quot;:&quot;%&quot;,&quot;size&quot;:&quot;&quot;,&quot;sizes&quot;:[]},&quot;_transform_translateY_effect_mobile&quot;:{&quot;unit&quot;:&quot;%&quot;,&quot;size&quot;:&quot;&quot;,&quot;sizes&quot;:[]}}\" data-widget_type=\"image.default\">\n\t\t\t\t<div class=\"elementor-widget-container\">\n\t\t\t\t\t\t\t\t\t\t\t\t\t\t\t<img decoding=\"async\" width=\"237\" height=\"54\" data-src=\"https:\/\/haystack-solutions.com\/wp-content\/uploads\/2023\/06\/camboticket-logo.svg\" class=\"attachment-medium size-medium wp-image-6115 lazyload\" alt=\"\" src=\"data:image\/gif;base64,R0lGODlhAQABAAAAACH5BAEKAAEALAAAAAABAAEAAAICTAEAOw==\" style=\"--smush-placeholder-width: 237px; --smush-placeholder-aspect-ratio: 237\/54;\" \/>\t\t\t\t\t\t\t\t\t\t\t\t\t\t\t<\/div>\n\t\t\t\t<\/div>\n\t\t\t\t\t<\/div>\n\t\t<\/div>\n\t\t\t\t\t<\/div>\n\t\t<\/section>\n\t\t\t\t<section class=\"elementor-section elementor-top-section elementor-element elementor-element-4ccca0c elementor-section-stretched elementor-section-boxed elementor-section-height-default elementor-section-height-default\" data-id=\"4ccca0c\" data-element_type=\"section\" data-e-type=\"section\" data-settings=\"{&quot;stretch_section&quot;:&quot;section-stretched&quot;,&quot;background_background&quot;:&quot;classic&quot;}\">\n\t\t\t\t\t\t<div class=\"elementor-container elementor-column-gap-default\">\n\t\t\t\t\t<div class=\"elementor-column elementor-col-50 elementor-top-column elementor-element elementor-element-99c189d\" data-id=\"99c189d\" data-element_type=\"column\" data-e-type=\"column\">\n\t\t\t<div class=\"elementor-widget-wrap elementor-element-populated\">\n\t\t\t\t\t\t<div class=\"elementor-element elementor-element-acbb5a2 elementor-widget elementor-widget-text-editor\" data-id=\"acbb5a2\" data-element_type=\"widget\" data-e-type=\"widget\" data-widget_type=\"text-editor.default\">\n\t\t\t\t<div class=\"elementor-widget-container\">\n\t\t\t\t\t\t\t\t\t<p>Camboticket<\/p>\n\t\t\t\t\t\t\t\t<\/div>\n\t\t\t\t<\/div>\n\t\t\t\t\t<\/div>\n\t\t<\/div>\n\t\t\t\t<div class=\"elementor-column elementor-col-50 elementor-top-column elementor-element elementor-element-4130fd2\" data-id=\"4130fd2\" data-element_type=\"column\" data-e-type=\"column\">\n\t\t\t<div class=\"elementor-widget-wrap elementor-element-populated\">\n\t\t\t\t\t\t<div class=\"elementor-element elementor-element-7fb29ff elementor-widget elementor-widget-text-editor\" data-id=\"7fb29ff\" data-element_type=\"widget\" data-e-type=\"widget\" data-widget_type=\"text-editor.default\">\n\t\t\t\t<div class=\"elementor-widget-container\">\n\t\t\t\t\t\t\t\t\t<p>Camboticket est une plateforme de billetterie de voyage qui facilite la r\u00e9servation en ligne en temps r\u00e9el des titres de transport dans la r\u00e9gion du M\u00e9kong. Nous rendons les voyages plus amusants et accessibles gr\u00e2ce \u00e0 notre exp\u00e9rience de r\u00e9servation fluide. Vous pouvez r\u00e9server des billets pour votre prochaine aventure au Cambodge, au Vietnam, au Laos et en Tha\u00eflande en quelques clics.<\/p>\n\t\t\t\t\t\t\t\t<\/div>\n\t\t\t\t<\/div>\n\t\t\t\t<div class=\"elementor-element elementor-element-4d5b21d elementor-widget__width-auto elementor-widget elementor-widget-button\" data-id=\"4d5b21d\" data-element_type=\"widget\" data-e-type=\"widget\" data-widget_type=\"button.default\">\n\t\t\t\t<div class=\"elementor-widget-container\">\n\t\t\t\t\t\t\t\t\t<div class=\"elementor-button-wrapper\">\n\t\t\t\t\t<a class=\"elementor-button elementor-button-link elementor-size-sm\" href=\"https:\/\/camboticket.com\/\" target=\"_blank\" rel=\"nofollow noopener\">\n\t\t\t\t\t\t<span class=\"elementor-button-content-wrapper\">\n\t\t\t\t\t\t\t\t\t<span class=\"elementor-button-text\">Visiter<\/span>\n\t\t\t\t\t<\/span>\n\t\t\t\t\t<\/a>\n\t\t\t\t<\/div>\n\t\t\t\t\t\t\t\t<\/div>\n\t\t\t\t<\/div>\n\t\t\t\t\t<\/div>\n\t\t<\/div>\n\t\t\t\t\t<\/div>\n\t\t<\/section>\n\t\t\t\t<\/div>\n\t\t","protected":false},"excerpt":{"rendered":"<p>Camboticket Camboticket est une plateforme de billetterie de voyage qui facilite la r\u00e9servation en ligne en temps r\u00e9el des titres de transport dans la r\u00e9gion du M\u00e9kong. Nous rendons les voyages plus amusants et accessibles gr\u00e2ce \u00e0 notre exp\u00e9rience de r\u00e9servation fluide. Vous pouvez r\u00e9server des billets pour votre prochaine aventure au Cambodge, au Vietnam, [&hellip;]<\/p>\n","protected":false},"author":4,"featured_media":0,"parent":4807,"menu_order":0,"comment_status":"closed","ping_status":"closed","template":"","meta":{"_acf_changed":false,"footnotes":"","_links_to":"","_links_to_target":""},"class_list":["post-6216","page","type-page","status-publish","hentry"],"acf":[],"_links":{"self":[{"href":"https:\/\/haystack-solutions.com\/fr\/wp-json\/wp\/v2\/pages\/6216","targetHints":{"allow":["GET"]}}],"collection":[{"href":"https:\/\/haystack-solutions.com\/fr\/wp-json\/wp\/v2\/pages"}],"about":[{"href":"https:\/\/haystack-solutions.com\/fr\/wp-json\/wp\/v2\/types\/page"}],"author":[{"embeddable":true,"href":"https:\/\/haystack-solutions.com\/fr\/wp-json\/wp\/v2\/users\/4"}],"replies":[{"embeddable":true,"href":"https:\/\/haystack-solutions.com\/fr\/wp-json\/wp\/v2\/comments?post=6216"}],"version-history":[{"count":1,"href":"https:\/\/haystack-solutions.com\/fr\/wp-json\/wp\/v2\/pages\/6216\/revisions"}],"predecessor-version":[{"id":6217,"href":"https:\/\/haystack-solutions.com\/fr\/wp-json\/wp\/v2\/pages\/6216\/revisions\/6217"}],"up":[{"embeddable":true,"href":"https:\/\/haystack-solutions.com\/fr\/wp-json\/wp\/v2\/pages\/4807"}],"wp:attachment":[{"href":"https:\/\/haystack-solutions.com\/fr\/wp-json\/wp\/v2\/media?parent=6216"}],"curies":[{"name":"wp","href":"https:\/\/api.w.org\/{rel}","templated":true}]}}